{"id":41,"date":"2021-03-25T00:11:37","date_gmt":"2021-03-25T00:11:37","guid":{"rendered":"https:\/\/metagon.es\/?page_id=41"},"modified":"2021-09-01T20:50:38","modified_gmt":"2021-09-01T20:50:38","slug":"home","status":"publish","type":"page","link":"https:\/\/metagon.es\/","title":{"rendered":"Metagon-Espectaculos"},"content":{"rendered":"<h1>Metag\u00f3n Espect\u00e1culos<\/h1>\n<h2>Contrataci\u00f3n de artistas y eventos<\/h2>\n<h3>Tu empresa de contrataci\u00f3n de espectaculos<\/h3>\n<p>Desde <strong>Metag\u00f3n Espectaculos<\/strong> queremos ofrecerles los artistas de mayor calidad y profesionalidad de la provincia de <strong>Alicante<\/strong>, para su beneficio y el de sus clientes.<\/p>\n<p>Disponemos de un amplio cat\u00e1logo de <strong>espect\u00e1culos<\/strong> para el disfrute de ni\u00f1os y mayores. <strong>Espect\u00e1culos nacionales e internacionales.<\/strong><\/p>\n<p>No dude en contactar con <strong>Metag\u00f3n Espect\u00e1culos<\/strong> para contratar la <strong>animaci\u00f3n<\/strong> de sus <strong>fiestas<\/strong>, ampliar la afluencia de clientes en su establecimiento ya sea una cafeter\u00eda, <strong>hotel, restaurante,<\/strong> cualquier tipo de sala. Sus clientes pasar\u00e1n una velada m\u00e1s que agradable debido a la gran calidad de nuestros <strong>Shows<\/strong>.\u00a0<\/p>\n<ul>\n<li>\n\t\t\t\t\t\t\t\t\t\tRepresentaciones de artistas\n\t\t\t\t\t\t\t\t\t<\/li>\n<li>\n\t\t\t\t\t\t\t\t\t\tProducci\u00f3n y Contrataci\u00f3n de Musicos, Animadores y Artistas\n\t\t\t\t\t\t\t\t\t<\/li>\n<li>\n\t\t\t\t\t\t\t\t\t\tEspectaculos y animaci\u00f3n para Hoteles\n\t\t\t\t\t\t\t\t\t<\/li>\n<li>\n\t\t\t\t\t\t\t\t\t\tSonido e Iluminaci\u00f3n\n\t\t\t\t\t\t\t\t\t<\/li>\n<li>\n\t\t\t\t\t\t\t\t\t\tDiscos Moviles, DJ\u00b4S\n\t\t\t\t\t\t\t\t\t<\/li>\n<li>\n\t\t\t\t\t\t\t\t\t\tAnimaci\u00f3n para Bodas, Comuniones, Despedidas De Solte@,\n\t\t\t\t\t\t\t\t\t<\/li>\n<\/ul>\n<p>\t\t\t<a href=\"tel:%20+34%20965878857\" role=\"button\"><br \/>\n\t\t\t\t\t\t965 87 88 57<br \/>\n\t\t\t\t\t<\/a><br \/>\n\t\t\t<a href=\"#contacto\" role=\"button\"><br \/>\n\t\t\t\t\t\tmensaje<br \/>\n\t\t\t\t\t<\/a><br \/>\n\t\t\t\t\t\t\t\t\t\t\t\t\t\t\t<img decoding=\"async\" width=\"800\" height=\"575\" src=\"https:\/\/metagon.es\/wp-content\/uploads\/2021\/03\/logo-metagon-bg.png\" alt=\"\" loading=\"lazy\" srcset=\"https:\/\/metagon.es\/wp-content\/uploads\/2021\/03\/logo-metagon-bg.png 800w, https:\/\/metagon.es\/wp-content\/uploads\/2021\/03\/logo-metagon-bg-300x216.png 300w, https:\/\/metagon.es\/wp-content\/uploads\/2021\/03\/logo-metagon-bg-768x552.png 768w\" sizes=\"auto, (max-width: 800px) 100vw, 800px\" \/>\t\t\t\t\t\t\t\t\t\t\t\t\t\t\t<\/p>\n<h2>M\u00fasicales<\/h2>\n<p>Disponemos de aut\u00e9nticos m\u00fasicos, bailarines y cantantes profesionales que abarcan todos los estilos musicales y puestas en escena. Artistas que sin duda har\u00e1n disfrutar a su p\u00fablico por su enorme talento.\u00a0\u00a0<\/p>\n<p>\t\t\t<a role=\"button\"><br \/>\n\t\t\t\t\t\tVer m\u00e1s<br \/>\n\t\t\t\t\t<\/a><br \/>\n\t\t\t<a role=\"button\"><br \/>\n\t\t\t\t\t\tVer m\u00e1s<br \/>\n\t\t\t\t\t<\/a><\/p>\n<h2>Visuales<\/h2>\n<p>Los mejores <strong>espect\u00e1culos visuales<\/strong> de toda la <strong>Costa Blanca<\/strong>.\u00a0 Viva en directo los mejores Shows de magia, <strong>n\u00fameros circenses, Acrobacias o Equilibrismo<\/strong> entre muchos otros. A trav\u00e9s\u00a0 <strong>Metag\u00f3n Espectaculos<\/strong>\u00a0 puede contratar cualquier tipo de artista para su deleite.<\/p>\n<h2>Eventos<\/h2>\n<p>Animaci\u00f3n para bodas, comuniones despedidas de solter@ o cualquier tipo de evento que organice. Adem\u00e1s de DJ\u00b4s profesionales con Discos m\u00f3viles, instalaciones de Sonido e Iluminaci\u00f3n espectacular, animadores&#8230;\u00a0<\/p>\n<p>Consultenos y le recomendaremos sobre las mejores opciones para ese evento tan especial.\u00a0<\/p>\n<p>\t\t\t<a role=\"button\"><br \/>\n\t\t\t\t\t\tVer m\u00e1s<br \/>\n\t\t\t\t\t<\/a><\/p>\n<h4>La mayor Selecci\u00f3n de Artistas<\/h4>\n<p style=\"text-align: center;\">En Metag\u00f3n Espectaculos cubrimos las necesidades de nuestros clientes ofreci\u00e9ndoles\u00a0 la mayor selecci\u00f3n de artistas de la Costa Blanca. Todos nuestros espect\u00e1culos pueden ser contratados a trav\u00e9s de nuestra web en el tel\u00e9fono: <br \/>\u00a0 \u00a0 ( \u00a0<a style=\"color: white; font-size: 1.4em; align: center;\" href=\"tel: +34 965878857\">965878857.<\/a> )<\/p>\n<p style=\"font-size: 1.2em; text-align: center;\">Sea cual sea la \u00edndole de su evento disponemos del artista o espect\u00e1culo ideal.<\/p>\n<p style=\"text-align: center;\"><b>Cantantes, Bailarines, Magos, Acr\u00f3batas, Animadores, Imitadores, Humoristas, Espect\u00e1culos Infantiles y mucho m\u00e1s.<\/b><\/p>\n<p>\t\t\t\t\t\t\t\t<a data-elementor-open-lightbox=\"yes\" data-elementor-lightbox-slideshow=\"fc8d72e\" data-elementor-lightbox-title=\"ADELE\" href=\"https:\/\/metagon.es\/wp-content\/uploads\/2021\/04\/ADELE.jpg\"><\/p>\n<figure><img decoding=\"async\" src=\"https:\/\/metagon.es\/wp-content\/uploads\/2021\/04\/ADELE.jpg\" alt=\"ADELE\" \/><\/figure>\n<p><\/a><a data-elementor-open-lightbox=\"yes\" data-elementor-lightbox-slideshow=\"fc8d72e\" data-elementor-lightbox-title=\"HELENA-VALKIR\" href=\"https:\/\/metagon.es\/wp-content\/uploads\/2021\/05\/HELENA-VALKIR.jpg\"><\/p>\n<figure><img decoding=\"async\" src=\"https:\/\/metagon.es\/wp-content\/uploads\/2021\/05\/HELENA-VALKIR.jpg\" alt=\"HELENA-VALKIR\" \/><\/figure>\n<p><\/a><a data-elementor-open-lightbox=\"yes\" data-elementor-lightbox-slideshow=\"fc8d72e\" data-elementor-lightbox-title=\"MELVIN\" href=\"https:\/\/metagon.es\/wp-content\/uploads\/2021\/04\/MELVIN.jpg\"><\/p>\n<figure><img decoding=\"async\" src=\"https:\/\/metagon.es\/wp-content\/uploads\/2021\/04\/MELVIN.jpg\" alt=\"MELVIN\" \/><\/figure>\n<p><\/a><a data-elementor-open-lightbox=\"yes\" data-elementor-lightbox-slideshow=\"fc8d72e\" data-elementor-lightbox-title=\"CAROLINA-SERRATO\" href=\"https:\/\/metagon.es\/wp-content\/uploads\/2021\/04\/A-NIGHT-IN-THE-WEST-END-CAROLINA-SERRATO.jpg\"><\/p>\n<figure><img decoding=\"async\" src=\"https:\/\/metagon.es\/wp-content\/uploads\/2021\/04\/A-NIGHT-IN-THE-WEST-END-CAROLINA-SERRATO.jpg\" alt=\"CAROLINA-SERRATO\" \/><\/figure>\n<p><\/a><a data-elementor-open-lightbox=\"yes\" data-elementor-lightbox-slideshow=\"fc8d72e\" data-elementor-lightbox-title=\"Dance-Dream\" href=\"https:\/\/metagon.es\/wp-content\/uploads\/2021\/04\/Dance-Dream.jpg\"><\/p>\n<figure><img decoding=\"async\" src=\"https:\/\/metagon.es\/wp-content\/uploads\/2021\/04\/Dance-Dream.jpg\" alt=\"Dance-Dream\" \/><\/figure>\n<p><\/a><a data-elementor-open-lightbox=\"yes\" data-elementor-lightbox-slideshow=\"fc8d72e\" data-elementor-lightbox-title=\"CHORUS-DANCE\" href=\"https:\/\/metagon.es\/wp-content\/uploads\/2021\/04\/CHORUS-DANCE.jpg\"><\/p>\n<figure><img decoding=\"async\" src=\"https:\/\/metagon.es\/wp-content\/uploads\/2021\/04\/CHORUS-DANCE.jpg\" alt=\"CHORUS-DANCE\" \/><\/figure>\n<p><\/a><a data-elementor-open-lightbox=\"yes\" data-elementor-lightbox-slideshow=\"fc8d72e\" data-elementor-lightbox-title=\"ADUO-SHOW\" data-elementor-lightbox-description=\"Adsuo Show. Metagon espectaculos, contrataci\u00f3n de artistas y espectaculos en la provincia de Alicante\" href=\"https:\/\/metagon.es\/wp-content\/uploads\/2021\/04\/ADUO-SHOW.jpg\"><\/p>\n<figure><img decoding=\"async\" src=\"https:\/\/metagon.es\/wp-content\/uploads\/2021\/04\/ADUO-SHOW.jpg\" alt=\"aduo show\" \/><\/figure>\n<p><\/a><a data-elementor-open-lightbox=\"yes\" data-elementor-lightbox-slideshow=\"fc8d72e\" data-elementor-lightbox-title=\"NEW-BIG-BANG-\" href=\"https:\/\/metagon.es\/wp-content\/uploads\/2021\/04\/NEW-BIG-BANG-.jpg\"><\/p>\n<figure><img decoding=\"async\" src=\"https:\/\/metagon.es\/wp-content\/uploads\/2021\/04\/NEW-BIG-BANG-.jpg\" alt=\"NEW-BIG-BANG-\" \/><\/figure>\n<p><\/a><a data-elementor-open-lightbox=\"yes\" data-elementor-lightbox-slideshow=\"fc8d72e\" data-elementor-lightbox-title=\"BUBBLES-SHOW\" href=\"https:\/\/metagon.es\/wp-content\/uploads\/2021\/04\/BUBBLES-SHOW-1.jpg\"><\/p>\n<figure><img decoding=\"async\" src=\"https:\/\/metagon.es\/wp-content\/uploads\/2021\/04\/BUBBLES-SHOW-1.jpg\" alt=\"BUBBLES-SHOW\" \/><\/figure>\n<p><\/a><a data-elementor-open-lightbox=\"yes\" data-elementor-lightbox-slideshow=\"fc8d72e\" data-elementor-lightbox-title=\"los-pardos-magic\" href=\"https:\/\/metagon.es\/wp-content\/uploads\/2021\/04\/los-pardos-magic.jpg\"><\/p>\n<figure><img decoding=\"async\" src=\"https:\/\/metagon.es\/wp-content\/uploads\/2021\/04\/los-pardos-magic.jpg\" alt=\"los-pardos-magic\" \/><\/figure>\n<p><\/a><a data-elementor-open-lightbox=\"yes\" data-elementor-lightbox-slideshow=\"fc8d72e\" data-elementor-lightbox-title=\"mago-lionel-gallardo\" href=\"https:\/\/metagon.es\/wp-content\/uploads\/2021\/04\/mago-lionel-gallardo.jpg\"><\/p>\n<figure><img decoding=\"async\" src=\"https:\/\/metagon.es\/wp-content\/uploads\/2021\/04\/mago-lionel-gallardo.jpg\" alt=\"wdqwdqdwqw\" \/><\/figure>\n<p><\/a><a data-elementor-open-lightbox=\"yes\" data-elementor-lightbox-slideshow=\"fc8d72e\" data-elementor-lightbox-title=\"magic-john-nuevo\" href=\"https:\/\/metagon.es\/wp-content\/uploads\/2021\/04\/magic-john-nuevo.jpg\"><\/p>\n<figure><img decoding=\"async\" src=\"https:\/\/metagon.es\/wp-content\/uploads\/2021\/04\/magic-john-nuevo.jpg\" alt=\"magic-john-nuevo\" \/><\/figure>\n<p><\/a><a data-elementor-open-lightbox=\"yes\" data-elementor-lightbox-slideshow=\"fc8d72e\" data-elementor-lightbox-title=\"black-red\" href=\"https:\/\/metagon.es\/wp-content\/uploads\/2021\/04\/black-red.jpg\"><\/p>\n<figure><img decoding=\"async\" src=\"https:\/\/metagon.es\/wp-content\/uploads\/2021\/04\/black-red.jpg\" alt=\"black-red\" \/><\/figure>\n<p><\/a><a data-elementor-open-lightbox=\"yes\" data-elementor-lightbox-slideshow=\"fc8d72e\" data-elementor-lightbox-title=\"Dance-Dream-2\" href=\"https:\/\/metagon.es\/wp-content\/uploads\/2021\/04\/Dance-Dream-2.jpg\"><\/p>\n<figure><img decoding=\"async\" src=\"https:\/\/metagon.es\/wp-content\/uploads\/2021\/04\/Dance-Dream-2.jpg\" alt=\"Dance-Dream-2\" \/><\/figure>\n<p><\/a>\t\t\t<\/p>\n<h3>Nuestros Clientes<\/h3>\n<p style=\"text-align: left;\">Cientos de clientes avalan nuestra profesionalidad. Hoteles de primer nivel , Salas de Fiesta, Celebraciones Particulares, Eventos, Salones de Celebraciones, Despedidas de Solter@, Fiestas Locales, y un largo etcetera. Clientes como:\u00a0\u00a0<\/p>\n<h5 style=\"text-align: left;\"><strong>HOTELES MELIA &#8211; APARTHOTEL MAGIC &#8211; HOTEL ASIA GARDENS &#8211; HOTEL BENIDORM CENTRE &#8211; HOTEL CAP NEGRET &#8211; HOTEL CIMBEL &#8211; HOTEL LEVANTE CLUB &#8211; HOTEL MAGIC ROCK GARDENS &#8211; HOTEL POSEIDON &#8211; HOTEL VILLA VENECIA &#8211; MAGIC ROBIN HOOD &#8211; AYUNTAMIENTO DE FINESTRAT &#8211; AJUNTAMENT DE BENIDOLEIG &#8211; BAR MACAO &#8211; LEVANTE CLUB, S.L. &#8211; MELIA HOTELS INTERNATIONAL, S.A. &#8211; MAGIC TERRA NATURA, S.L &#8211; <\/strong><strong>INDUSTRIAS HOTELERAS DEL MEDITERRANEO SL. Y Muchos m\u00e1s !<\/strong><\/h5>\n<figure><img decoding=\"async\" src=\"https:\/\/metagon.es\/wp-content\/uploads\/2021\/04\/hotel-bali-150x150.jpg\" alt=\"hotel-bali\" \/><\/figure>\n<figure><img decoding=\"async\" src=\"https:\/\/metagon.es\/wp-content\/uploads\/2021\/04\/hotel-asia-gardens-150x150.jpg\" alt=\"hotel-asia-gardens\" \/><\/figure>\n<figure><img decoding=\"async\" src=\"https:\/\/metagon.es\/wp-content\/uploads\/2021\/04\/hotel-albir-playa-150x150.jpg\" alt=\"hotel-albir-playa\" \/><\/figure>\n<figure><img decoding=\"async\" src=\"https:\/\/metagon.es\/wp-content\/uploads\/2021\/04\/hotel-ballesol-150x150.jpg\" alt=\"hotel-ballesol\" \/><\/figure>\n<figure><img decoding=\"async\" src=\"https:\/\/metagon.es\/wp-content\/uploads\/2021\/04\/hotel-bayren-150x150.jpg\" alt=\"hotel-bayren\" \/><\/figure>\n<figure><img decoding=\"async\" src=\"https:\/\/metagon.es\/wp-content\/uploads\/2021\/04\/hotel-cap-negret-150x150.jpg\" alt=\"hotel-cap-negret\" \/><\/figure>\n<figure><img decoding=\"async\" src=\"https:\/\/metagon.es\/wp-content\/uploads\/2021\/04\/hotel-cimbel-150x150.jpg\" alt=\"hotel-cimbel\" \/><\/figure>\n<figure><img decoding=\"async\" src=\"https:\/\/metagon.es\/wp-content\/uploads\/2021\/04\/hotel-corona-del-mar-150x150.jpg\" alt=\"hotel-corona-del-mar\" \/><\/figure>\n<figure><img decoding=\"async\" src=\"https:\/\/metagon.es\/wp-content\/uploads\/2021\/04\/macao-150x150.jpg\" alt=\"macao\" \/><\/figure>\n<figure><img decoding=\"async\" src=\"https:\/\/metagon.es\/wp-content\/uploads\/2021\/04\/hotel-cuco-150x150.jpg\" alt=\"hotel-cuco\" \/><\/figure>\n<figure><img decoding=\"async\" src=\"https:\/\/metagon.es\/wp-content\/uploads\/2021\/04\/hotel-poseidon-150x150.jpg\" alt=\"hotel-poseidon\" \/><\/figure>\n<figure><img decoding=\"async\" src=\"https:\/\/metagon.es\/wp-content\/uploads\/2021\/04\/hotel-flamingo-150x150.jpg\" alt=\"hotel-flamingo\" \/><\/figure>\n<figure><img decoding=\"async\" src=\"https:\/\/metagon.es\/wp-content\/uploads\/2021\/04\/hotel-magic-robin-hood-150x150.jpg\" alt=\"hotel-magic-robin-hood\" \/><\/figure>\n<figure><img decoding=\"async\" src=\"https:\/\/metagon.es\/wp-content\/uploads\/2021\/04\/hoteles-magic-costa-blanca-150x150.jpg\" alt=\"hoteles-magic-costa-blanca\" \/><\/figure>\n<figure><img decoding=\"async\" src=\"https:\/\/metagon.es\/wp-content\/uploads\/2021\/04\/villa-venecia-150x150.jpg\" alt=\"villa-venecia\" \/><\/figure>\n<figure><img decoding=\"async\" src=\"https:\/\/metagon.es\/wp-content\/uploads\/2021\/04\/marnina-dor-150x150.jpg\" alt=\"marnina-dor\" \/><\/figure>\n<figure><img decoding=\"async\" src=\"https:\/\/metagon.es\/wp-content\/uploads\/2021\/04\/rio-park-150x150.jpg\" alt=\"rio-park\" \/><\/figure>\n<figure><img decoding=\"async\" src=\"https:\/\/metagon.es\/wp-content\/uploads\/2021\/04\/hotel-pueblo-150x150.jpg\" alt=\"hotel-pueblo\" \/><\/figure>\n<figure><img decoding=\"async\" src=\"https:\/\/metagon.es\/wp-content\/uploads\/2021\/04\/servigroup-150x150.jpg\" alt=\"servigroup\" \/><\/figure>\n<p style=\"text-align: center;\">Metag\u00f3n espectaculos agradece a sus clientes la confianza demostrada a lo largo de estos a\u00f1os.<\/p>\n<p>\t\t\t\t\t\t\t\t\t\t\t\t\t\t\t<img decoding=\"async\" width=\"800\" height=\"575\" src=\"https:\/\/metagon.es\/wp-content\/uploads\/2021\/03\/logo-metagon-bg.png\" alt=\"\" loading=\"lazy\" srcset=\"https:\/\/metagon.es\/wp-content\/uploads\/2021\/03\/logo-metagon-bg.png 800w, https:\/\/metagon.es\/wp-content\/uploads\/2021\/03\/logo-metagon-bg-300x216.png 300w, https:\/\/metagon.es\/wp-content\/uploads\/2021\/03\/logo-metagon-bg-768x552.png 768w\" sizes=\"auto, (max-width: 800px) 100vw, 800px\" \/>\t\t\t\t\t\t\t\t\t\t\t\t\t\t\t<\/p>\n<h3>Formulario de contacto<\/h3>\n<p>\t\tPuedes enviarnos tu consulta mediante este formulario o contactar con <strong>Metag\u00f3n Espectaculos<\/strong> en el Tel\u00e9fono:\u00a0 ( \u00a0<a style=\"color: white; font-size: 1.4em;\" href=\"tel: +34 965878857\">965878857.<\/a> )<\/a><\/p>\n","protected":false},"excerpt":{"rendered":"<p>Metag\u00f3n Espect\u00e1culos Contrataci\u00f3n de artistas y eventos Tu empresa de contrataci\u00f3n de espectaculos Desde Metag\u00f3n Espectaculos queremos ofrecerles los artistas de mayor calidad y profesionalidad de la provincia de Alicante, para su beneficio y el de sus clientes. Disponemos de un amplio cat\u00e1logo de espect\u00e1culos para el disfrute de ni\u00f1os y mayores. Espect\u00e1culos nacionales e [&hellip;]<\/p>\n","protected":false},"author":2,"featured_media":0,"parent":0,"menu_order":5,"comment_status":"closed","ping_status":"open","template":"elementor_header_footer","meta":{"footnotes":""},"class_list":["post-41","page","type-page","status-publish","hentry"],"yoast_head":"<!-- This site is optimized with the Yoast SEO plugin v27.1.1 - https:\/\/yoast.com\/product\/yoast-seo-wordpress\/ -->\n<title>Metagon-Espectaculos - metagon<\/title>\n<meta name=\"description\" content=\"Contrataci\u00f3n de artistas, m\u00fasicos, humoristas, magos, musicales, bailarines. Espect\u00e1culos en Benidorm y provincia Alicante\" \/>\n<meta name=\"robots\" content=\"index, follow, max-snippet:-1, max-image-preview:large, max-video-preview:-1\" \/>\n<link rel=\"canonical\" href=\"https:\/\/metagon.es\/\" \/>\n<meta property=\"og:locale\" content=\"es_ES\" \/>\n<meta property=\"og:type\" content=\"article\" \/>\n<meta property=\"og:title\" content=\"Metagon-Espectaculos - metagon\" \/>\n<meta property=\"og:description\" content=\"Contrataci\u00f3n de artistas, m\u00fasicos, humoristas, magos, musicales, bailarines. Espect\u00e1culos en Benidorm y provincia Alicante\" \/>\n<meta property=\"og:url\" content=\"https:\/\/metagon.es\/\" \/>\n<meta property=\"og:site_name\" content=\"metagon\" \/>\n<meta property=\"article:modified_time\" content=\"2021-09-01T20:50:38+00:00\" \/>\n<meta property=\"og:image\" content=\"https:\/\/metagon.es\/wp-content\/uploads\/2021\/03\/logo-metagon-bg.png\" \/>\n<meta name=\"twitter:card\" content=\"summary_large_image\" \/>\n<meta name=\"twitter:label1\" content=\"Tiempo de lectura\" \/>\n\t<meta name=\"twitter:data1\" content=\"15 minutos\" \/>\n<script type=\"application\/ld+json\" class=\"yoast-schema-graph\">{\"@context\":\"https:\/\/schema.org\",\"@graph\":[{\"@type\":\"WebPage\",\"@id\":\"https:\/\/metagon.es\/\",\"url\":\"https:\/\/metagon.es\/\",\"name\":\"Metagon-Espectaculos - metagon\",\"isPartOf\":{\"@id\":\"https:\/\/metagon.es\/#website\"},\"primaryImageOfPage\":{\"@id\":\"https:\/\/metagon.es\/#primaryimage\"},\"image\":{\"@id\":\"https:\/\/metagon.es\/#primaryimage\"},\"thumbnailUrl\":\"https:\/\/metagon.es\/wp-content\/uploads\/2021\/03\/logo-metagon-bg.png\",\"datePublished\":\"2021-03-25T00:11:37+00:00\",\"dateModified\":\"2021-09-01T20:50:38+00:00\",\"description\":\"Contrataci\u00f3n de artistas, m\u00fasicos, humoristas, magos, musicales, bailarines. Espect\u00e1culos en Benidorm y provincia Alicante\",\"breadcrumb\":{\"@id\":\"https:\/\/metagon.es\/#breadcrumb\"},\"inLanguage\":\"es\",\"potentialAction\":[{\"@type\":\"ReadAction\",\"target\":[\"https:\/\/metagon.es\/\"]}]},{\"@type\":\"ImageObject\",\"inLanguage\":\"es\",\"@id\":\"https:\/\/metagon.es\/#primaryimage\",\"url\":\"https:\/\/metagon.es\/wp-content\/uploads\/2021\/03\/logo-metagon-bg.png\",\"contentUrl\":\"https:\/\/metagon.es\/wp-content\/uploads\/2021\/03\/logo-metagon-bg.png\",\"width\":800,\"height\":575},{\"@type\":\"BreadcrumbList\",\"@id\":\"https:\/\/metagon.es\/#breadcrumb\",\"itemListElement\":[{\"@type\":\"ListItem\",\"position\":1,\"name\":\"Portada\",\"item\":\"https:\/\/metagon.es\/\"},{\"@type\":\"ListItem\",\"position\":2,\"name\":\"home\"}]},{\"@type\":\"WebSite\",\"@id\":\"https:\/\/metagon.es\/#website\",\"url\":\"https:\/\/metagon.es\/\",\"name\":\"metagon\",\"description\":\"Representacion de espectaculos y artistas.\",\"publisher\":{\"@id\":\"https:\/\/metagon.es\/#organization\"},\"potentialAction\":[{\"@type\":\"SearchAction\",\"target\":{\"@type\":\"EntryPoint\",\"urlTemplate\":\"https:\/\/metagon.es\/?s={search_term_string}\"},\"query-input\":{\"@type\":\"PropertyValueSpecification\",\"valueRequired\":true,\"valueName\":\"search_term_string\"}}],\"inLanguage\":\"es\"},{\"@type\":\"Organization\",\"@id\":\"https:\/\/metagon.es\/#organization\",\"name\":\"Metagon\",\"url\":\"https:\/\/metagon.es\/\",\"logo\":{\"@type\":\"ImageObject\",\"inLanguage\":\"es\",\"@id\":\"https:\/\/metagon.es\/#\/schema\/logo\/image\/\",\"url\":\"https:\/\/metagon.es\/wp-content\/uploads\/2021\/03\/logo-header-menu.png\",\"contentUrl\":\"https:\/\/metagon.es\/wp-content\/uploads\/2021\/03\/logo-header-menu.png\",\"width\":500,\"height\":446,\"caption\":\"Metagon\"},\"image\":{\"@id\":\"https:\/\/metagon.es\/#\/schema\/logo\/image\/\"}}]}<\/script>\n<!-- \/ Yoast SEO plugin. -->","yoast_head_json":{"title":"Metagon-Espectaculos - metagon","description":"Contrataci\u00f3n de artistas, m\u00fasicos, humoristas, magos, musicales, bailarines. Espect\u00e1culos en Benidorm y provincia Alicante","robots":{"index":"index","follow":"follow","max-snippet":"max-snippet:-1","max-image-preview":"max-image-preview:large","max-video-preview":"max-video-preview:-1"},"canonical":"https:\/\/metagon.es\/","og_locale":"es_ES","og_type":"article","og_title":"Metagon-Espectaculos - metagon","og_description":"Contrataci\u00f3n de artistas, m\u00fasicos, humoristas, magos, musicales, bailarines. Espect\u00e1culos en Benidorm y provincia Alicante","og_url":"https:\/\/metagon.es\/","og_site_name":"metagon","article_modified_time":"2021-09-01T20:50:38+00:00","og_image":[{"url":"https:\/\/metagon.es\/wp-content\/uploads\/2021\/03\/logo-metagon-bg.png","type":"","width":"","height":""}],"twitter_card":"summary_large_image","twitter_misc":{"Tiempo de lectura":"15 minutos"},"schema":{"@context":"https:\/\/schema.org","@graph":[{"@type":"WebPage","@id":"https:\/\/metagon.es\/","url":"https:\/\/metagon.es\/","name":"Metagon-Espectaculos - metagon","isPartOf":{"@id":"https:\/\/metagon.es\/#website"},"primaryImageOfPage":{"@id":"https:\/\/metagon.es\/#primaryimage"},"image":{"@id":"https:\/\/metagon.es\/#primaryimage"},"thumbnailUrl":"https:\/\/metagon.es\/wp-content\/uploads\/2021\/03\/logo-metagon-bg.png","datePublished":"2021-03-25T00:11:37+00:00","dateModified":"2021-09-01T20:50:38+00:00","description":"Contrataci\u00f3n de artistas, m\u00fasicos, humoristas, magos, musicales, bailarines. Espect\u00e1culos en Benidorm y provincia Alicante","breadcrumb":{"@id":"https:\/\/metagon.es\/#breadcrumb"},"inLanguage":"es","potentialAction":[{"@type":"ReadAction","target":["https:\/\/metagon.es\/"]}]},{"@type":"ImageObject","inLanguage":"es","@id":"https:\/\/metagon.es\/#primaryimage","url":"https:\/\/metagon.es\/wp-content\/uploads\/2021\/03\/logo-metagon-bg.png","contentUrl":"https:\/\/metagon.es\/wp-content\/uploads\/2021\/03\/logo-metagon-bg.png","width":800,"height":575},{"@type":"BreadcrumbList","@id":"https:\/\/metagon.es\/#breadcrumb","itemListElement":[{"@type":"ListItem","position":1,"name":"Portada","item":"https:\/\/metagon.es\/"},{"@type":"ListItem","position":2,"name":"home"}]},{"@type":"WebSite","@id":"https:\/\/metagon.es\/#website","url":"https:\/\/metagon.es\/","name":"metagon","description":"Representacion de espectaculos y artistas.","publisher":{"@id":"https:\/\/metagon.es\/#organization"},"potentialAction":[{"@type":"SearchAction","target":{"@type":"EntryPoint","urlTemplate":"https:\/\/metagon.es\/?s={search_term_string}"},"query-input":{"@type":"PropertyValueSpecification","valueRequired":true,"valueName":"search_term_string"}}],"inLanguage":"es"},{"@type":"Organization","@id":"https:\/\/metagon.es\/#organization","name":"Metagon","url":"https:\/\/metagon.es\/","logo":{"@type":"ImageObject","inLanguage":"es","@id":"https:\/\/metagon.es\/#\/schema\/logo\/image\/","url":"https:\/\/metagon.es\/wp-content\/uploads\/2021\/03\/logo-header-menu.png","contentUrl":"https:\/\/metagon.es\/wp-content\/uploads\/2021\/03\/logo-header-menu.png","width":500,"height":446,"caption":"Metagon"},"image":{"@id":"https:\/\/metagon.es\/#\/schema\/logo\/image\/"}}]}},"_links":{"self":[{"href":"https:\/\/metagon.es\/index.php?rest_route=\/wp\/v2\/pages\/41","targetHints":{"allow":["GET"]}}],"collection":[{"href":"https:\/\/metagon.es\/index.php?rest_route=\/wp\/v2\/pages"}],"about":[{"href":"https:\/\/metagon.es\/index.php?rest_route=\/wp\/v2\/types\/page"}],"author":[{"embeddable":true,"href":"https:\/\/metagon.es\/index.php?rest_route=\/wp\/v2\/users\/2"}],"replies":[{"embeddable":true,"href":"https:\/\/metagon.es\/index.php?rest_route=%2Fwp%2Fv2%2Fcomments&post=41"}],"version-history":[{"count":7,"href":"https:\/\/metagon.es\/index.php?rest_route=\/wp\/v2\/pages\/41\/revisions"}],"predecessor-version":[{"id":3175,"href":"https:\/\/metagon.es\/index.php?rest_route=\/wp\/v2\/pages\/41\/revisions\/3175"}],"wp:attachment":[{"href":"https:\/\/metagon.es\/index.php?rest_route=%2Fwp%2Fv2%2Fmedia&parent=41"}],"curies":[{"name":"wp","href":"https:\/\/api.w.org\/{rel}","templated":true}]}}