{"id":2807,"date":"2021-05-31T21:59:35","date_gmt":"2021-05-31T21:59:35","guid":{"rendered":"https:\/\/metagon.es\/?page_id=2807"},"modified":"2021-06-22T22:31:54","modified_gmt":"2021-06-22T22:31:54","slug":"contratacion-artistas","status":"publish","type":"page","link":"https:\/\/metagon.es\/?page_id=2807","title":{"rendered":"Contratacion-Artistas"},"content":{"rendered":"<p><img decoding=\"async\" width=\"500\" height=\"446\" src=\"https:\/\/metagon.es\/wp-content\/uploads\/2021\/03\/logo-header-menu.png\" alt=\"\" loading=\"lazy\" srcset=\"https:\/\/metagon.es\/wp-content\/uploads\/2021\/03\/logo-header-menu.png 500w, https:\/\/metagon.es\/wp-content\/uploads\/2021\/03\/logo-header-menu-300x268.png 300w\" sizes=\"auto, (max-width: 500px) 100vw, 500px\" \/>\t\t\t\t\t\t\t\t\t\t\t\t\t\t\t<\/p>\n<h3>Solicitud de Contrataci\u00f3n.<\/h3>\n<p style=\"text-align: center;\">Puedes solicitar la contrataci\u00f3n de uno de nuestros artistas a trav\u00e9s de este formulario o contactar con <strong>Metag\u00f3n\u00a0<\/strong><b>Espect\u00e1culos<\/b> en los Tel\u00e9fonos:<\/p>\n<p>\t\t\t<a href=\"tel:%20+34%20965878857\" role=\"button\"><br \/>\n\t\t\t\t\t\t965 87 88 57<br \/>\n\t\t\t\t\t<\/a><br \/>\n\t\t\t<a href=\"tel:%20+34607%2053%2071%2006\" role=\"button\"><br \/>\n\t\t\t\t\t\t607 53 71 06<br \/>\n\t\t\t\t\t<\/a><\/p>\n<h3><a href=\"mailto:%20info@metagon.es\">info@metagon.es<\/a><\/h3>\n","protected":false},"excerpt":{"rendered":"<p>Solicitud de Contrataci\u00f3n. Puedes solicitar la contrataci\u00f3n de uno de nuestros artistas a trav\u00e9s de este formulario o contactar con Metag\u00f3n\u00a0Espect\u00e1culos en los Tel\u00e9fonos: 965 87 88 57 607 53 71 06 info@metagon.es<\/p>\n","protected":false},"author":2,"featured_media":0,"parent":0,"menu_order":0,"comment_status":"closed","ping_status":"closed","template":"elementor_header_footer","meta":{"footnotes":""},"class_list":["post-2807","page","type-page","status-publish","hentry"],"yoast_head":"<!-- This site is optimized with the Yoast SEO plugin v27.1.1 - https:\/\/yoast.com\/product\/yoast-seo-wordpress\/ -->\n<title>Contratacion-Artistas - metagon<\/title>\n<meta name=\"robots\" content=\"index, follow, max-snippet:-1, max-image-preview:large, max-video-preview:-1\" \/>\n<link rel=\"canonical\" href=\"https:\/\/metagon.es\/?page_id=2807\" \/>\n<meta property=\"og:locale\" content=\"es_ES\" \/>\n<meta property=\"og:type\" content=\"article\" \/>\n<meta property=\"og:title\" content=\"Contratacion-Artistas - metagon\" \/>\n<meta property=\"og:description\" content=\"Solicitud de Contrataci\u00f3n. Puedes solicitar la contrataci\u00f3n de uno de nuestros artistas a trav\u00e9s de este formulario o contactar con Metag\u00f3n\u00a0Espect\u00e1culos en los Tel\u00e9fonos: 965 87 88 57 607 53 71 06 info@metagon.es\" \/>\n<meta property=\"og:url\" content=\"https:\/\/metagon.es\/?page_id=2807\" \/>\n<meta property=\"og:site_name\" content=\"metagon\" \/>\n<meta property=\"article:modified_time\" content=\"2021-06-22T22:31:54+00:00\" \/>\n<meta property=\"og:image\" content=\"https:\/\/metagon.es\/wp-content\/uploads\/2021\/03\/logo-header-menu.png\" \/>\n<meta name=\"twitter:card\" content=\"summary_large_image\" \/>\n<meta name=\"twitter:label1\" content=\"Tiempo de lectura\" \/>\n\t<meta name=\"twitter:data1\" content=\"2 minutos\" \/>\n<script type=\"application\/ld+json\" class=\"yoast-schema-graph\">{\"@context\":\"https:\/\/schema.org\",\"@graph\":[{\"@type\":\"WebPage\",\"@id\":\"https:\/\/metagon.es\/?page_id=2807\",\"url\":\"https:\/\/metagon.es\/?page_id=2807\",\"name\":\"Contratacion-Artistas - metagon\",\"isPartOf\":{\"@id\":\"https:\/\/metagon.es\/#website\"},\"primaryImageOfPage\":{\"@id\":\"https:\/\/metagon.es\/?page_id=2807#primaryimage\"},\"image\":{\"@id\":\"https:\/\/metagon.es\/?page_id=2807#primaryimage\"},\"thumbnailUrl\":\"https:\/\/metagon.es\/wp-content\/uploads\/2021\/03\/logo-header-menu.png\",\"datePublished\":\"2021-05-31T21:59:35+00:00\",\"dateModified\":\"2021-06-22T22:31:54+00:00\",\"breadcrumb\":{\"@id\":\"https:\/\/metagon.es\/?page_id=2807#breadcrumb\"},\"inLanguage\":\"es\",\"potentialAction\":[{\"@type\":\"ReadAction\",\"target\":[\"https:\/\/metagon.es\/?page_id=2807\"]}]},{\"@type\":\"ImageObject\",\"inLanguage\":\"es\",\"@id\":\"https:\/\/metagon.es\/?page_id=2807#primaryimage\",\"url\":\"https:\/\/metagon.es\/wp-content\/uploads\/2021\/03\/logo-header-menu.png\",\"contentUrl\":\"https:\/\/metagon.es\/wp-content\/uploads\/2021\/03\/logo-header-menu.png\",\"width\":500,\"height\":446},{\"@type\":\"BreadcrumbList\",\"@id\":\"https:\/\/metagon.es\/?page_id=2807#breadcrumb\",\"itemListElement\":[{\"@type\":\"ListItem\",\"position\":1,\"name\":\"Portada\",\"item\":\"https:\/\/metagon.es\/\"},{\"@type\":\"ListItem\",\"position\":2,\"name\":\"Contratacion-Artistas\"}]},{\"@type\":\"WebSite\",\"@id\":\"https:\/\/metagon.es\/#website\",\"url\":\"https:\/\/metagon.es\/\",\"name\":\"metagon\",\"description\":\"Representacion de espectaculos y artistas.\",\"publisher\":{\"@id\":\"https:\/\/metagon.es\/#organization\"},\"potentialAction\":[{\"@type\":\"SearchAction\",\"target\":{\"@type\":\"EntryPoint\",\"urlTemplate\":\"https:\/\/metagon.es\/?s={search_term_string}\"},\"query-input\":{\"@type\":\"PropertyValueSpecification\",\"valueRequired\":true,\"valueName\":\"search_term_string\"}}],\"inLanguage\":\"es\"},{\"@type\":\"Organization\",\"@id\":\"https:\/\/metagon.es\/#organization\",\"name\":\"Metagon\",\"url\":\"https:\/\/metagon.es\/\",\"logo\":{\"@type\":\"ImageObject\",\"inLanguage\":\"es\",\"@id\":\"https:\/\/metagon.es\/#\/schema\/logo\/image\/\",\"url\":\"https:\/\/metagon.es\/wp-content\/uploads\/2021\/03\/logo-header-menu.png\",\"contentUrl\":\"https:\/\/metagon.es\/wp-content\/uploads\/2021\/03\/logo-header-menu.png\",\"width\":500,\"height\":446,\"caption\":\"Metagon\"},\"image\":{\"@id\":\"https:\/\/metagon.es\/#\/schema\/logo\/image\/\"}}]}<\/script>\n<!-- \/ Yoast SEO plugin. -->","yoast_head_json":{"title":"Contratacion-Artistas - metagon","robots":{"index":"index","follow":"follow","max-snippet":"max-snippet:-1","max-image-preview":"max-image-preview:large","max-video-preview":"max-video-preview:-1"},"canonical":"https:\/\/metagon.es\/?page_id=2807","og_locale":"es_ES","og_type":"article","og_title":"Contratacion-Artistas - metagon","og_description":"Solicitud de Contrataci\u00f3n. Puedes solicitar la contrataci\u00f3n de uno de nuestros artistas a trav\u00e9s de este formulario o contactar con Metag\u00f3n\u00a0Espect\u00e1culos en los Tel\u00e9fonos: 965 87 88 57 607 53 71 06 info@metagon.es","og_url":"https:\/\/metagon.es\/?page_id=2807","og_site_name":"metagon","article_modified_time":"2021-06-22T22:31:54+00:00","og_image":[{"url":"https:\/\/metagon.es\/wp-content\/uploads\/2021\/03\/logo-header-menu.png","type":"","width":"","height":""}],"twitter_card":"summary_large_image","twitter_misc":{"Tiempo de lectura":"2 minutos"},"schema":{"@context":"https:\/\/schema.org","@graph":[{"@type":"WebPage","@id":"https:\/\/metagon.es\/?page_id=2807","url":"https:\/\/metagon.es\/?page_id=2807","name":"Contratacion-Artistas - metagon","isPartOf":{"@id":"https:\/\/metagon.es\/#website"},"primaryImageOfPage":{"@id":"https:\/\/metagon.es\/?page_id=2807#primaryimage"},"image":{"@id":"https:\/\/metagon.es\/?page_id=2807#primaryimage"},"thumbnailUrl":"https:\/\/metagon.es\/wp-content\/uploads\/2021\/03\/logo-header-menu.png","datePublished":"2021-05-31T21:59:35+00:00","dateModified":"2021-06-22T22:31:54+00:00","breadcrumb":{"@id":"https:\/\/metagon.es\/?page_id=2807#breadcrumb"},"inLanguage":"es","potentialAction":[{"@type":"ReadAction","target":["https:\/\/metagon.es\/?page_id=2807"]}]},{"@type":"ImageObject","inLanguage":"es","@id":"https:\/\/metagon.es\/?page_id=2807#primaryimage","url":"https:\/\/metagon.es\/wp-content\/uploads\/2021\/03\/logo-header-menu.png","contentUrl":"https:\/\/metagon.es\/wp-content\/uploads\/2021\/03\/logo-header-menu.png","width":500,"height":446},{"@type":"BreadcrumbList","@id":"https:\/\/metagon.es\/?page_id=2807#breadcrumb","itemListElement":[{"@type":"ListItem","position":1,"name":"Portada","item":"https:\/\/metagon.es\/"},{"@type":"ListItem","position":2,"name":"Contratacion-Artistas"}]},{"@type":"WebSite","@id":"https:\/\/metagon.es\/#website","url":"https:\/\/metagon.es\/","name":"metagon","description":"Representacion de espectaculos y artistas.","publisher":{"@id":"https:\/\/metagon.es\/#organization"},"potentialAction":[{"@type":"SearchAction","target":{"@type":"EntryPoint","urlTemplate":"https:\/\/metagon.es\/?s={search_term_string}"},"query-input":{"@type":"PropertyValueSpecification","valueRequired":true,"valueName":"search_term_string"}}],"inLanguage":"es"},{"@type":"Organization","@id":"https:\/\/metagon.es\/#organization","name":"Metagon","url":"https:\/\/metagon.es\/","logo":{"@type":"ImageObject","inLanguage":"es","@id":"https:\/\/metagon.es\/#\/schema\/logo\/image\/","url":"https:\/\/metagon.es\/wp-content\/uploads\/2021\/03\/logo-header-menu.png","contentUrl":"https:\/\/metagon.es\/wp-content\/uploads\/2021\/03\/logo-header-menu.png","width":500,"height":446,"caption":"Metagon"},"image":{"@id":"https:\/\/metagon.es\/#\/schema\/logo\/image\/"}}]}},"_links":{"self":[{"href":"https:\/\/metagon.es\/index.php?rest_route=\/wp\/v2\/pages\/2807","targetHints":{"allow":["GET"]}}],"collection":[{"href":"https:\/\/metagon.es\/index.php?rest_route=\/wp\/v2\/pages"}],"about":[{"href":"https:\/\/metagon.es\/index.php?rest_route=\/wp\/v2\/types\/page"}],"author":[{"embeddable":true,"href":"https:\/\/metagon.es\/index.php?rest_route=\/wp\/v2\/users\/2"}],"replies":[{"embeddable":true,"href":"https:\/\/metagon.es\/index.php?rest_route=%2Fwp%2Fv2%2Fcomments&post=2807"}],"version-history":[{"count":122,"href":"https:\/\/metagon.es\/index.php?rest_route=\/wp\/v2\/pages\/2807\/revisions"}],"predecessor-version":[{"id":3095,"href":"https:\/\/metagon.es\/index.php?rest_route=\/wp\/v2\/pages\/2807\/revisions\/3095"}],"wp:attachment":[{"href":"https:\/\/metagon.es\/index.php?rest_route=%2Fwp%2Fv2%2Fmedia&parent=2807"}],"curies":[{"name":"wp","href":"https:\/\/api.w.org\/{rel}","templated":true}]}}